{"id":1219,"date":"2021-12-20T11:28:03","date_gmt":"2021-12-20T11:28:03","guid":{"rendered":"https:\/\/zwp.dev-root.de\/imprint\/"},"modified":"2024-03-14T09:45:57","modified_gmt":"2024-03-14T09:45:57","slug":"imprint","status":"publish","type":"page","link":"https:\/\/zwp.law\/en\/imprint\/","title":{"rendered":"Imprint"},"content":{"rendered":"\t\t<div data-elementor-type=\"wp-page\" data-elementor-id=\"1219\" class=\"elementor elementor-1219 elementor-187\" data-elementor-post-type=\"page\">\n\t\t\t\t\t\t<div class=\"elementor-inner\">\n\t\t\t\t<div class=\"elementor-section-wrap\">\n\t\t\t\t\t\t\t\t\t<section class=\"elementor-section elementor-top-section elementor-element elementor-element-e94dee8 elementor-section-height-min-height elementor-section-stretched elementor-section-boxed elementor-section-height-default elementor-section-items-middle\" data-id=\"e94dee8\" data-element_type=\"section\" data-settings=\"{&quot;stretch_section&quot;:&quot;section-stretched&quot;,&quot;background_background&quot;:&quot;classic&quot;}\">\n\t\t\t\t\t\t<div class=\"elementor-container elementor-column-gap-default\">\n\t\t\t\t\t\t\t<div class=\"elementor-row\">\n\t\t\t\t\t<div class=\"elementor-column elementor-col-25 elementor-top-column elementor-element elementor-element-e73ccf3 elementor-hidden-tablet elementor-hidden-mobile\" data-id=\"e73ccf3\" data-element_type=\"column\">\n\t\t\t<div class=\"elementor-column-wrap\">\n\t\t\t\t\t\t\t<div class=\"elementor-widget-wrap\">\n\t\t\t\t\t\t\t\t<\/div>\n\t\t\t\t\t<\/div>\n\t\t<\/div>\n\t\t\t\t<div class=\"elementor-column elementor-col-50 elementor-top-column elementor-element elementor-element-597ba4a\" data-id=\"597ba4a\" data-element_type=\"column\">\n\t\t\t<div class=\"elementor-column-wrap elementor-element-populated\">\n\t\t\t\t\t\t\t<div class=\"elementor-widget-wrap\">\n\t\t\t\t\t\t<div class=\"elementor-element elementor-element-6e07dda elementor-widget elementor-widget-menu-anchor\" data-id=\"6e07dda\" data-element_type=\"widget\" data-widget_type=\"menu-anchor.default\">\n\t\t\t\t<div class=\"elementor-widget-container\">\n\t\t\t\t\t<div id=\"top\" class=\"elementor-menu-anchor\"><\/div>\n\t\t\t\t<\/div>\n\t\t\t\t<\/div>\n\t\t\t\t<div class=\"elementor-element elementor-element-50c498c elementor-widget elementor-widget-heading\" data-id=\"50c498c\" data-element_type=\"widget\" data-widget_type=\"heading.default\">\n\t\t\t\t<div class=\"elementor-widget-container\">\n\t\t\t<h1 class=\"elementor-heading-title elementor-size-default\">Legal and tax consulting<br>\nfrom one source.<\/h1>\t\t<\/div>\n\t\t\t\t<\/div>\n\t\t\t\t\t\t<\/div>\n\t\t\t\t\t<\/div>\n\t\t<\/div>\n\t\t\t\t<div class=\"elementor-column elementor-col-25 elementor-top-column elementor-element elementor-element-45969cf elementor-hidden-tablet elementor-hidden-mobile\" data-id=\"45969cf\" data-element_type=\"column\">\n\t\t\t<div class=\"elementor-column-wrap\">\n\t\t\t\t\t\t\t<div class=\"elementor-widget-wrap\">\n\t\t\t\t\t\t\t\t<\/div>\n\t\t\t\t\t<\/div>\n\t\t<\/div>\n\t\t\t\t\t\t\t\t<\/div>\n\t\t\t\t\t<\/div>\n\t\t<\/section>\n\t\t\t\t<section class=\"elementor-section elementor-top-section elementor-element elementor-element-e254528 elementor-section-boxed elementor-section-height-default elementor-section-height-default\" data-id=\"e254528\" data-element_type=\"section\">\n\t\t\t\t\t\t<div class=\"elementor-container elementor-column-gap-default\">\n\t\t\t\t\t\t\t<div class=\"elementor-row\">\n\t\t\t\t\t<div class=\"elementor-column elementor-col-16 elementor-top-column elementor-element elementor-element-c49e6a8 elementor-hidden-tablet elementor-hidden-mobile\" data-id=\"c49e6a8\" data-element_type=\"column\">\n\t\t\t<div class=\"elementor-column-wrap\">\n\t\t\t\t\t\t\t<div class=\"elementor-widget-wrap\">\n\t\t\t\t\t\t\t\t<\/div>\n\t\t\t\t\t<\/div>\n\t\t<\/div>\n\t\t\t\t<div class=\"elementor-column elementor-col-66 elementor-top-column elementor-element elementor-element-2cec001\" data-id=\"2cec001\" data-element_type=\"column\">\n\t\t\t<div class=\"elementor-column-wrap elementor-element-populated\">\n\t\t\t\t\t\t\t<div class=\"elementor-widget-wrap\">\n\t\t\t\t\t\t<div class=\"elementor-element elementor-element-116d846 elementor-widget elementor-widget-heading\" data-id=\"116d846\" data-element_type=\"widget\" data-widget_type=\"heading.default\">\n\t\t\t\t<div class=\"elementor-widget-container\">\n\t\t\t<h2 class=\"elementor-heading-title elementor-size-default\">Imprint<\/h2>\t\t<\/div>\n\t\t\t\t<\/div>\n\t\t\t\t<div class=\"elementor-element elementor-element-23ca8f6 elementor-widget elementor-widget-text-editor\" data-id=\"23ca8f6\" data-element_type=\"widget\" data-widget_type=\"text-editor.default\">\n\t\t\t\t<div class=\"elementor-widget-container\">\n\t\t\t\t\t\t\t\t<div class=\"elementor-text-editor elementor-clearfix\">\n\t\t\t\t<h3>Legal form, domicile and partnership register<\/h3><p>ZWP Zitzewitz Wunsch &amp; Partner &#8211; Rechtsanw\u00e4lte Wirtschaftspr\u00fcfer Steuerberater\u00a0<span style=\"color: var( --e-global-color-text );\">mbB\u00a0<\/span><span style=\"color: var( --e-global-color-text );\">is a partnership with limited professional liability (Partnerschaftsgesellschaft mit beschr\u00e4nkter Berufshaftung) domiciled in Munich, Germany, registered in the partnership register of the Munich Local Court under No. PR 277.<\/span><\/p><h3>Business Address and VAT ID Number<\/h3><p>Business Address:<br \/>Karolinenstra\u00dfe 4<br \/>D-80538 Munich<br \/>Tel.: + 49 \u2013 (0)89 \u2013 38 66 73 30<br \/>Fax: + 49 \u2013 (0)89 \u2013 38 66 73 40<br \/>Email: zwp@zwp.law<br \/>web: www.zwp.law<\/p><p>VAT ID No: DE215541169<\/p><h3>Admittance and Professional Regulations<\/h3><p><b>Attorneys at Law<\/b><\/p><p>All attorneys at law working with ZWP are admitted to the bar in Germany and members of the Bar Association for the District of the Higher Regional Court Munich.<\/p><p>Contact details of the Bar Association for Munich:<br \/>Rechtsanwaltskammer f\u00fcr den Oberlandesgerichtsbezirk M\u00fcnchen<br \/>Im Tal 33<br \/>80331 M\u00fcnchen<br \/>Tel.: +49 \u2013 (0)89 \u2013 53 29 44-0<br \/>Fax: +49 \u2013 (0)89 \u2013 53 29 44-28<\/p><p>The professional laws applicable to attorneys at law include:<\/p><ul><li>BRAO \u2013 Bundesrechtsanwaltsordnung (Federal Lawyers\u2019 Act)<\/li><li>BORA \u2013 Berufsordnung f\u00fcr Rechtsanw\u00e4lte (Rules of professional practice for attorneys)<\/li><li>FAO \u2013 Fachanwaltsordnung (Attorney Specialization Act)<\/li><li>RVG \u2013 Rechtsanwaltsverg\u00fctungsgesetz (Law governing compensation of attorneys)<\/li><\/ul><p>The applicable professional rules and regulations, including a limited number of English translations, can be accessed on the website of the German Federal Bar Association under <a href=\"http:\/\/www.brak.de\/fuer-anwaelte\/berufsrecht\/\">http:\/\/www.brak.de\/fuer-anwaelte\/berufsrecht\/<\/a>.<\/p><p><b>Auditors<\/b><\/p><p>The auditors working with ZWP are admitted in Germany and are members of the Chamber of Auditors.<\/p><p>Contact details of the Chamber of Auditors:<br \/>Wirtschaftspr\u00fcferkammer Landesgesch\u00e4ftsstelle Bayern<br \/>Marienstra\u00dfe 14\/16<br \/>80331 M\u00fcnchen<br \/>Tel.: +49 \u2013 (0)89 \u2013 54 46 16-11<br \/>Fax: +49 \u2013 (0)89 \u2013 54 46 16-12<\/p><p>The professional laws applicable to auditors include:<\/p><ul><li>WPO \u2013 Wirtschaftspr\u00fcferordnung (Public Accountant Act)<\/li><li>BS WP\/vBP \u2013 Berufssatzung f\u00fcr Wirtschaftspr\u00fcfer\/vereidigte Buchpr\u00fcfer (Professional charter governing auditors\/ CPAs)<\/li><li>Satzung f\u00fcr Qualit\u00e4tskontrolle (Charter for quality control)<\/li><li>Siegelverordnung (Rules governing documents under seal)<\/li><li>WPBHV \u2013 Wirtschaftspr\u00fcfer-Berufshaftpflichtversicherungsordnung (Auditor liability insurance rules)<\/li><\/ul><p>The applicable professional rules and regulations can be accessed on the website of the German Chamber of Auditors under <a href=\"http:\/\/www.wpk.de\/wpk\/rechtsvorschriften\/\" target=\"_blank\" rel=\"noopener\">www.wpk.de\/wpk\/rechtsvorschriften\/<\/a>.<\/p><p><b>Tax Advisors<\/b><\/p><p>Tax advisors working with ZWP are admitted in Germany and members of the Munich Chamber of Tax Advisors.<\/p><p>Contact details of the Munich Chamber of Tax Advisors:<br \/>Steuerberaterkammer M\u00fcnchen<br \/>Nederlinger Stra\u00dfe 9<br \/>80638 M\u00fcnchen<br \/>Tel.: +49 \u2013 (0)89 \u2013 15 79 02-0<br \/>Fax: +49 \u2013 (0)89 \u2013 15 79 02-19<\/p><p>The professional laws applicable to tax advisors include:<\/p><ul><li>StBerG \u2013 Steuerberatungsgesetz (Tax Advisory Act)<\/li><li>DVStB \u2013 Durchf\u00fchrungsverordnung zum Steuerberatungsgesetz (Implementing regulation for the Tax Advisory Act)<\/li><li>BOStB \u2013 Berufsordnung der Bundessteuerberaterkammer (Professional rules of the Federal Chamber of Tax Advisors)<\/li><\/ul><p>The applicable professional rules and regulations can be accessed on the website of the Federal Chamber of Tax Advisors under <a href=\"http:\/\/www.bstbk.de\/de\/themen\/berufsrecht\" target=\"_blank\" rel=\"noopener\">www.bstbk.de\/de\/themen\/berufsrecht<\/a>.<\/p><h3>Professional Liability Insurance<\/h3><p>A Professional Liability Insurance with worldwide coverage is provided by Zurich Versicherung plc. , Niederlassung f\u00fcr Deutschland, 50427 K\u00f6ln for the lawyers and tax advisors working with ZWP. A Professional Indemnity Liability Insurance for the partner acting as an independent auditor is provided by Versicherungsstelle Wiesbaden, Dotzenheimer Str. 23, 65185 Wiesbaden.<\/p>\t\t\t\t\t<\/div>\n\t\t\t\t\t\t<\/div>\n\t\t\t\t<\/div>\n\t\t\t\t\t\t<\/div>\n\t\t\t\t\t<\/div>\n\t\t<\/div>\n\t\t\t\t<div class=\"elementor-column elementor-col-16 elementor-top-column elementor-element elementor-element-a7fbc09 elementor-hidden-tablet elementor-hidden-mobile\" data-id=\"a7fbc09\" data-element_type=\"column\">\n\t\t\t<div class=\"elementor-column-wrap\">\n\t\t\t\t\t\t\t<div class=\"elementor-widget-wrap\">\n\t\t\t\t\t\t\t\t<\/div>\n\t\t\t\t\t<\/div>\n\t\t<\/div>\n\t\t\t\t\t\t\t\t<\/div>\n\t\t\t\t\t<\/div>\n\t\t<\/section>\n\t\t\t\t\t\t\t\t\t<\/div>\n\t\t\t<\/div>\n\t\t\t\t\t<\/div>\n\t\t","protected":false},"excerpt":{"rendered":"<p>Legal and tax consulting from one source. Imprint Legal form, domicile and partnership register ZWP Zitzewitz Wunsch &amp; Partner &#8211; Rechtsanw\u00e4lte Wirtschaftspr\u00fcfer Steuerberater\u00a0mbB\u00a0is a partnership with limited professional liability (Partnerschaftsgesellschaft mit beschr\u00e4nkter Berufshaftung) domiciled in Munich, Germany, registered in the partnership register of the Munich Local Court under No. PR 277. Business Address and VAT [&hellip;]<\/p>\n","protected":false},"author":2,"featured_media":0,"parent":0,"menu_order":0,"comment_status":"closed","ping_status":"closed","template":"","meta":{"footnotes":""},"class_list":["post-1219","page","type-page","status-publish","hentry"],"yoast_head":"<!-- This site is optimized with the Yoast SEO plugin v21.8 - https:\/\/yoast.com\/wordpress\/plugins\/seo\/ -->\n<title>Imprint - ZWP - Rechtsanw\u00e4lte, Wirtschaftspr\u00fcfer, Steuerpr\u00fcfer<\/title>\n<meta name=\"robots\" content=\"index, follow, max-snippet:-1, max-image-preview:large, max-video-preview:-1\" \/>\n<link rel=\"canonical\" href=\"https:\/\/zwp.law\/en\/imprint\/\" \/>\n<meta property=\"og:locale\" content=\"en_US\" \/>\n<meta property=\"og:type\" content=\"article\" \/>\n<meta property=\"og:title\" content=\"Imprint - ZWP - Rechtsanw\u00e4lte, Wirtschaftspr\u00fcfer, Steuerpr\u00fcfer\" \/>\n<meta property=\"og:description\" content=\"Legal and tax consulting from one source. Imprint Legal form, domicile and partnership register ZWP Zitzewitz Wunsch &amp; Partner &#8211; Rechtsanw\u00e4lte Wirtschaftspr\u00fcfer Steuerberater\u00a0mbB\u00a0is a partnership with limited professional liability (Partnerschaftsgesellschaft mit beschr\u00e4nkter Berufshaftung) domiciled in Munich, Germany, registered in the partnership register of the Munich Local Court under No. PR 277. Business Address and VAT [&hellip;]\" \/>\n<meta property=\"og:url\" content=\"https:\/\/zwp.law\/en\/imprint\/\" \/>\n<meta property=\"og:site_name\" content=\"ZWP - Rechtsanw\u00e4lte, Wirtschaftspr\u00fcfer, Steuerpr\u00fcfer\" \/>\n<meta property=\"article:modified_time\" content=\"2024-03-14T09:45:57+00:00\" \/>\n<meta name=\"twitter:card\" content=\"summary_large_image\" \/>\n<meta name=\"twitter:label1\" content=\"Est. reading time\" \/>\n\t<meta name=\"twitter:data1\" content=\"2 minutes\" \/>\n<script type=\"application\/ld+json\" class=\"yoast-schema-graph\">{\"@context\":\"https:\/\/schema.org\",\"@graph\":[{\"@type\":\"WebPage\",\"@id\":\"https:\/\/zwp.law\/en\/imprint\/\",\"url\":\"https:\/\/zwp.law\/en\/imprint\/\",\"name\":\"Imprint - ZWP - Rechtsanw\u00e4lte, Wirtschaftspr\u00fcfer, Steuerpr\u00fcfer\",\"isPartOf\":{\"@id\":\"https:\/\/zwp.law\/#website\"},\"datePublished\":\"2021-12-20T11:28:03+00:00\",\"dateModified\":\"2024-03-14T09:45:57+00:00\",\"breadcrumb\":{\"@id\":\"https:\/\/zwp.law\/en\/imprint\/#breadcrumb\"},\"inLanguage\":\"en-US\",\"potentialAction\":[{\"@type\":\"ReadAction\",\"target\":[\"https:\/\/zwp.law\/en\/imprint\/\"]}]},{\"@type\":\"BreadcrumbList\",\"@id\":\"https:\/\/zwp.law\/en\/imprint\/#breadcrumb\",\"itemListElement\":[{\"@type\":\"ListItem\",\"position\":1,\"name\":\"Startseite\",\"item\":\"https:\/\/zwp.law\/en\/\"},{\"@type\":\"ListItem\",\"position\":2,\"name\":\"Imprint\"}]},{\"@type\":\"WebSite\",\"@id\":\"https:\/\/zwp.law\/#website\",\"url\":\"https:\/\/zwp.law\/\",\"name\":\"ZWP - Rechtsanw\u00e4lte, Wirtschaftspr\u00fcfer, Steuerpr\u00fcfer\",\"description\":\"Rechts- und Steuerberatung aus einer Hand.\",\"publisher\":{\"@id\":\"https:\/\/zwp.law\/#organization\"},\"potentialAction\":[{\"@type\":\"SearchAction\",\"target\":{\"@type\":\"EntryPoint\",\"urlTemplate\":\"https:\/\/zwp.law\/?s={search_term_string}\"},\"query-input\":\"required name=search_term_string\"}],\"inLanguage\":\"en-US\"},{\"@type\":\"Organization\",\"@id\":\"https:\/\/zwp.law\/#organization\",\"name\":\"ZWP Zitzewitz Wunsch & Partner Rechtsanw\u00e4lte Wirtschaftspr\u00fcfer Steuerberater mbB\",\"url\":\"https:\/\/zwp.law\/\",\"logo\":{\"@type\":\"ImageObject\",\"inLanguage\":\"en-US\",\"@id\":\"https:\/\/zwp.law\/#\/schema\/logo\/image\/\",\"url\":\"https:\/\/zwp.law\/wp-content\/uploads\/2021\/12\/ZWP-LOGO.svg\",\"contentUrl\":\"https:\/\/zwp.law\/wp-content\/uploads\/2021\/12\/ZWP-LOGO.svg\",\"width\":245,\"height\":55,\"caption\":\"ZWP Zitzewitz Wunsch & Partner Rechtsanw\u00e4lte Wirtschaftspr\u00fcfer Steuerberater mbB\"},\"image\":{\"@id\":\"https:\/\/zwp.law\/#\/schema\/logo\/image\/\"}}]}<\/script>\n<!-- \/ Yoast SEO plugin. -->","yoast_head_json":{"title":"Imprint - ZWP - Rechtsanw\u00e4lte, Wirtschaftspr\u00fcfer, Steuerpr\u00fcfer","robots":{"index":"index","follow":"follow","max-snippet":"max-snippet:-1","max-image-preview":"max-image-preview:large","max-video-preview":"max-video-preview:-1"},"canonical":"https:\/\/zwp.law\/en\/imprint\/","og_locale":"en_US","og_type":"article","og_title":"Imprint - ZWP - Rechtsanw\u00e4lte, Wirtschaftspr\u00fcfer, Steuerpr\u00fcfer","og_description":"Legal and tax consulting from one source. Imprint Legal form, domicile and partnership register ZWP Zitzewitz Wunsch &amp; Partner &#8211; Rechtsanw\u00e4lte Wirtschaftspr\u00fcfer Steuerberater\u00a0mbB\u00a0is a partnership with limited professional liability (Partnerschaftsgesellschaft mit beschr\u00e4nkter Berufshaftung) domiciled in Munich, Germany, registered in the partnership register of the Munich Local Court under No. PR 277. Business Address and VAT [&hellip;]","og_url":"https:\/\/zwp.law\/en\/imprint\/","og_site_name":"ZWP - Rechtsanw\u00e4lte, Wirtschaftspr\u00fcfer, Steuerpr\u00fcfer","article_modified_time":"2024-03-14T09:45:57+00:00","twitter_card":"summary_large_image","twitter_misc":{"Est. reading time":"2 minutes"},"schema":{"@context":"https:\/\/schema.org","@graph":[{"@type":"WebPage","@id":"https:\/\/zwp.law\/en\/imprint\/","url":"https:\/\/zwp.law\/en\/imprint\/","name":"Imprint - ZWP - Rechtsanw\u00e4lte, Wirtschaftspr\u00fcfer, Steuerpr\u00fcfer","isPartOf":{"@id":"https:\/\/zwp.law\/#website"},"datePublished":"2021-12-20T11:28:03+00:00","dateModified":"2024-03-14T09:45:57+00:00","breadcrumb":{"@id":"https:\/\/zwp.law\/en\/imprint\/#breadcrumb"},"inLanguage":"en-US","potentialAction":[{"@type":"ReadAction","target":["https:\/\/zwp.law\/en\/imprint\/"]}]},{"@type":"BreadcrumbList","@id":"https:\/\/zwp.law\/en\/imprint\/#breadcrumb","itemListElement":[{"@type":"ListItem","position":1,"name":"Startseite","item":"https:\/\/zwp.law\/en\/"},{"@type":"ListItem","position":2,"name":"Imprint"}]},{"@type":"WebSite","@id":"https:\/\/zwp.law\/#website","url":"https:\/\/zwp.law\/","name":"ZWP - Rechtsanw\u00e4lte, Wirtschaftspr\u00fcfer, Steuerpr\u00fcfer","description":"Rechts- und Steuerberatung aus einer Hand.","publisher":{"@id":"https:\/\/zwp.law\/#organization"},"potentialAction":[{"@type":"SearchAction","target":{"@type":"EntryPoint","urlTemplate":"https:\/\/zwp.law\/?s={search_term_string}"},"query-input":"required name=search_term_string"}],"inLanguage":"en-US"},{"@type":"Organization","@id":"https:\/\/zwp.law\/#organization","name":"ZWP Zitzewitz Wunsch & Partner Rechtsanw\u00e4lte Wirtschaftspr\u00fcfer Steuerberater mbB","url":"https:\/\/zwp.law\/","logo":{"@type":"ImageObject","inLanguage":"en-US","@id":"https:\/\/zwp.law\/#\/schema\/logo\/image\/","url":"https:\/\/zwp.law\/wp-content\/uploads\/2021\/12\/ZWP-LOGO.svg","contentUrl":"https:\/\/zwp.law\/wp-content\/uploads\/2021\/12\/ZWP-LOGO.svg","width":245,"height":55,"caption":"ZWP Zitzewitz Wunsch & Partner Rechtsanw\u00e4lte Wirtschaftspr\u00fcfer Steuerberater mbB"},"image":{"@id":"https:\/\/zwp.law\/#\/schema\/logo\/image\/"}}]}},"_links":{"self":[{"href":"https:\/\/zwp.law\/en\/wp-json\/wp\/v2\/pages\/1219","targetHints":{"allow":["GET"]}}],"collection":[{"href":"https:\/\/zwp.law\/en\/wp-json\/wp\/v2\/pages"}],"about":[{"href":"https:\/\/zwp.law\/en\/wp-json\/wp\/v2\/types\/page"}],"author":[{"embeddable":true,"href":"https:\/\/zwp.law\/en\/wp-json\/wp\/v2\/users\/2"}],"replies":[{"embeddable":true,"href":"https:\/\/zwp.law\/en\/wp-json\/wp\/v2\/comments?post=1219"}],"version-history":[{"count":28,"href":"https:\/\/zwp.law\/en\/wp-json\/wp\/v2\/pages\/1219\/revisions"}],"predecessor-version":[{"id":1766,"href":"https:\/\/zwp.law\/en\/wp-json\/wp\/v2\/pages\/1219\/revisions\/1766"}],"wp:attachment":[{"href":"https:\/\/zwp.law\/en\/wp-json\/wp\/v2\/media?parent=1219"}],"curies":[{"name":"wp","href":"https:\/\/api.w.org\/{rel}","templated":true}]}}